{"id":31524,"date":"2022-11-24T13:30:51","date_gmt":"2022-11-24T12:30:51","guid":{"rendered":"http:\/\/www.ptitsbouchons.org\/?page_id=31524"},"modified":"2026-01-10T18:17:28","modified_gmt":"2026-01-10T17:17:28","slug":"bienvenue","status":"publish","type":"page","link":"https:\/\/lesptitsbouchons37.org\/","title":{"rendered":"Ce n&#8217;est pas le tout de d\u00e9bouchonner\u2026.               Merci de donner !"},"content":{"rendered":"\n<p><\/p>\n\n\n\n<p class=\"has-text-align-right\"><\/p>\n\n\n\n<div class=\"alignnormal\"><div id=\"metaslider-id-31526\" style=\"width: 100%;\" class=\"ml-slider-3-107-0 metaslider metaslider-flex metaslider-31526 ml-slider has-dots-nav ms-theme-default\" role=\"region\" aria-label=\"Accueil\" data-height=\"1520\" data-width=\"2050\">\n    <div id=\"metaslider_container_31526\">\n        <div id=\"metaslider_31526\">\n            <ul class='slides'>\n                <li style=\"display: block; width: 100%;\" class=\"slide-31584 ms-image \" aria-roledescription=\"slide\" data-date=\"2022-11-25 07:33:49\" data-filename=\"P10706441-1-e1669358730446-2023x1500.jpg\" data-slide-type=\"image\"><img loading=\"lazy\" decoding=\"async\" src=\"https:\/\/lesptitsbouchons37.org\/wp-content\/uploads\/2016\/02\/P10706441-1-e1669358730446-2023x1500.jpg\" height=\"1520\" width=\"2050\" alt=\"Chargement des bouchons\" class=\"slider-31526 slide-31584 msDefaultImage\" title=\"Chargement 1\" \/><\/li>\n                <li style=\"display: none; width: 100%;\" class=\"slide-31528 ms-image \" aria-roledescription=\"slide\" data-date=\"2022-11-24 12:23:33\" data-filename=\"316110548_494715216025690_1407268096139357350_n-e1669358150870-1414x1049.jpg\" data-slide-type=\"image\"><img loading=\"lazy\" decoding=\"async\" src=\"https:\/\/lesptitsbouchons37.org\/wp-content\/uploads\/2022\/11\/316110548_494715216025690_1407268096139357350_n-e1669358150870-1414x1049.jpg\" height=\"1520\" width=\"2050\" alt=\"\" class=\"slider-31526 slide-31528 msDefaultImage\" title=\"316110548_494715216025690_1407268096139357350_n\" \/><\/li>\n                <li style=\"display: none; width: 100%;\" class=\"slide-31529 ms-image \" aria-roledescription=\"slide\" data-date=\"2022-11-24 12:23:44\" data-filename=\"DSCF5740-e1669358224286-2045x1517.jpg\" data-slide-type=\"image\"><img loading=\"lazy\" decoding=\"async\" src=\"https:\/\/lesptitsbouchons37.org\/wp-content\/uploads\/2015\/10\/DSCF5740-e1669358224286-2045x1517.jpg\" height=\"1520\" width=\"2050\" alt=\"Bouchons en plastique\" class=\"slider-31526 slide-31529 msDefaultImage\" title=\"Bouchon plastique\" \/><\/li>\n            <\/ul>\n        <\/div>\n        \n    <\/div>\n<\/div><\/div>\n\n\n\n<p><\/p>\n\n\n\n<h1 class=\"wp-block-heading alignwide\"><mark style=\"background-color:rgba(0, 0, 0, 0)\" class=\"has-inline-color has-vivid-cyan-blue-color\">                             <\/mark>LES P&#8217;TITS BOUCHONS 37<\/h1>\n\n\n\n<p><strong>QUI SONT LES P\u2019TITS BOUCHONS 37 ?<\/strong><br><br>\u00ab&nbsp;Les P\u2019tits Bouchons 37&nbsp;\u00bb est une association qui a \u00e9t\u00e9 d\u00e9pos\u00e9e \u00e0 la pr\u00e9fecture de Tours le 7 Mars 2005 puis&nbsp;ins\u00e9r\u00e9e au JOA&nbsp;le 16 Avril 2005. &nbsp;Elle a \u00e9t\u00e9 cr\u00e9\u00e9e par M. TAME.<\/p>\n\n\n\n<p class=\"has-text-align-center\"><strong>Association reconnue d&#8217;INTERET GENERAL.<\/strong><\/p>\n\n\n\n<p>Buts et actions :<\/p>\n\n\n\n<ul class=\"wp-block-list\">\n<li>Collecter, acheminer et&nbsp;trier&nbsp;des bouchons et couvercles en <strong>plastique<\/strong>, en&nbsp;<strong>li\u00e8ge<\/strong> et en <strong>m\u00e9tal<\/strong> qui&nbsp;sont ensuite vendus&nbsp;\u00e0 des entreprises qui les recyclent.&nbsp;Cela permet&nbsp;de r\u00e9colter des fonds pour&nbsp;aider des personnes&nbsp;handicap\u00e9es sous forme de mat\u00e9riels et d\u2019actions.<\/li>\n\n\n\n<li>Promouvoir par tous les moyens le recyclage des mati\u00e8res plastiques, du li\u00e8ge et du m\u00e9tal en montrant&nbsp;l\u2019int\u00e9r\u00eat pour notre environnement, en particulier aupr\u00e8s des \u00e9coles.<\/li>\n<\/ul>\n\n\n\n<p>Son action vise donc \u00e0 am\u00e9liorer les conditions de vie des personnes handicap\u00e9es tout en prot\u00e9geant l\u2019environnement. L\u2019action est men\u00e9e en Touraine avec des points de r\u00e9colte de bouchons dans tout l\u2019Indre et Loire.<\/p>\n\n\n\n<p><strong>Chaque bouchon r\u00e9colt\u00e9 servira \u00e0 financer des actions en Touraine. Les frais de fonctionnement seront r\u00e9duits au minimum (frais bancaires et assurance).<\/strong><\/p>\n\n\n\n<p><strong><mark style=\"background-color:rgba(0, 0, 0, 0)\" class=\"has-inline-color has-luminous-vivid-orange-color\">TERRAIN DE STOCKAGE DES BOUCHONS<\/mark><\/strong> :<\/p>\n\n\n\n<p class=\"has-text-align-center\"><strong>4 Chemin des Onjeunes \u00e0 Esvres 37320 (mitoyen de la d\u00e9chetterie) <\/strong><\/p>\n\n\n\n<p class=\"has-text-align-center\"><strong>Ouverture tous les samedis de 9h00 \u00e0 11h30 <\/strong><\/p>\n\n\n\n<p class=\"has-text-align-center\"><strong>et les premiers mercredis de chaque mois,<\/strong> <strong>de 14h00 \u00e0 16h00.<\/strong><\/p>\n\n\n\n<p class=\"has-text-align-center\"><\/p>\n\n\n\n<p><em>Vous pouvez t\u00e9l\u00e9charger les statuts en cliquant sur ce lien (document au format PDF)&nbsp;: <a href=\"https:\/\/www.ptitsbouchons.org\/statuts-association\/\" data-type=\"URL\" data-id=\"http:\/\/ptitsbouey.cluster011.ovh.net\/wp-content\/uploads\/2015\/10\/statuts.pdf\" target=\"_blank\" rel=\"noreferrer noopener\">statuts<\/a><\/em><\/p>\n\n\n\n<figure class=\"wp-block-image size-large\"><img loading=\"lazy\" decoding=\"async\" width=\"1024\" height=\"902\" src=\"http:\/\/www.ptitsbouchons.org\/wp-content\/uploads\/2015\/10\/DSCF5759-1024x902.jpg\" alt=\"C\u0153ur de boucho\" class=\"wp-image-451\" srcset=\"https:\/\/lesptitsbouchons37.org\/wp-content\/uploads\/2015\/10\/DSCF5759-1024x902.jpg 1024w, https:\/\/lesptitsbouchons37.org\/wp-content\/uploads\/2015\/10\/DSCF5759-300x264.jpg 300w\" sizes=\"auto, (max-width: 1024px) 100vw, 1024px\" \/><\/figure>\n","protected":false},"excerpt":{"rendered":"<p>LES P&#8217;TITS BOUCHONS 37 QUI SONT LES P\u2019TITS BOUCHONS 37 ? \u00ab&nbsp;Les P\u2019tits Bouchons 37&nbsp;\u00bb est une association qui a \u00e9t\u00e9 d\u00e9pos\u00e9e \u00e0 la pr\u00e9fecture de Tours le 7 Mars [&hellip;]<\/p>\n","protected":false},"author":15,"featured_media":0,"parent":0,"menu_order":0,"comment_status":"closed","ping_status":"closed","template":"","meta":{"ngg_post_thumbnail":0,"footnotes":""},"class_list":["post-31524","page","type-page","status-publish","hentry"],"_links":{"self":[{"href":"https:\/\/lesptitsbouchons37.org\/index.php\/wp-json\/wp\/v2\/pages\/31524","targetHints":{"allow":["GET"]}}],"collection":[{"href":"https:\/\/lesptitsbouchons37.org\/index.php\/wp-json\/wp\/v2\/pages"}],"about":[{"href":"https:\/\/lesptitsbouchons37.org\/index.php\/wp-json\/wp\/v2\/types\/page"}],"author":[{"embeddable":true,"href":"https:\/\/lesptitsbouchons37.org\/index.php\/wp-json\/wp\/v2\/users\/15"}],"replies":[{"embeddable":true,"href":"https:\/\/lesptitsbouchons37.org\/index.php\/wp-json\/wp\/v2\/comments?post=31524"}],"version-history":[{"count":39,"href":"https:\/\/lesptitsbouchons37.org\/index.php\/wp-json\/wp\/v2\/pages\/31524\/revisions"}],"predecessor-version":[{"id":32259,"href":"https:\/\/lesptitsbouchons37.org\/index.php\/wp-json\/wp\/v2\/pages\/31524\/revisions\/32259"}],"wp:attachment":[{"href":"https:\/\/lesptitsbouchons37.org\/index.php\/wp-json\/wp\/v2\/media?parent=31524"}],"curies":[{"name":"wp","href":"https:\/\/api.w.org\/{rel}","templated":true}]}}