{"id":67,"date":"2015-10-16T20:12:59","date_gmt":"2015-10-16T19:12:59","guid":{"rendered":"http:\/\/ptitsbouey.cluster011.ovh.net\/?page_id=67"},"modified":"2016-04-22T22:17:15","modified_gmt":"2016-04-22T21:17:15","slug":"actualite","status":"publish","type":"page","link":"https:\/\/lesptitsbouchons37.org\/index.php\/actualite\/","title":{"rendered":"M\u00e9dias"},"content":{"rendered":"<p>Les P&#8217;tits Bouchons sont souvent mis en avant dans les m\u00e9dias. En effet, plusieurs articles ont d\u00e9j\u00e0 \u00e9t\u00e9 publi\u00e9s concernant notre association. Nous sommes \u00e9galement pass\u00e9s plusieurs fois dans les radios telles que France Bleu Touraine ou Radio Campus.<\/p>\n<p>Vous retrouverez sur cette page l&#8217;actualit\u00e9 ainsi que les archives de l&#8217;association : <em>(cliquez sur les liens)<\/em><\/p>\n<ul>\n<li><a href=\"http:\/\/ptitsbouey.cluster011.ovh.net\/actualite\/revue-de-presse\/\">Revue de presse<\/a> (publi\u00e9\u00a0durant l&#8217;ann\u00e9e\u00a02015)<\/li>\n<li><a href=\"http:\/\/ptitsbouey.cluster011.ovh.net\/actualite\/emissions-radio\/\">Les \u00e9missions radio<\/a><\/li>\n<li><a href=\"http:\/\/ptitsbouey.cluster011.ovh.net\/actualite\/archives\/\">Archives<\/a> (articles de presse concernant l&#8217;association publi\u00e9s depuis 2010)<\/li>\n<\/ul>\n<p>&nbsp;<\/p>\n","protected":false},"excerpt":{"rendered":"<p>Les P&#8217;tits Bouchons sont souvent mis en avant dans les m\u00e9dias. En effet, plusieurs articles ont d\u00e9j\u00e0 \u00e9t\u00e9 publi\u00e9s concernant notre association. Nous sommes \u00e9galement pass\u00e9s plusieurs fois dans les [&hellip;]<\/p>\n","protected":false},"author":6,"featured_media":0,"parent":0,"menu_order":4,"comment_status":"closed","ping_status":"closed","template":"","meta":{"ngg_post_thumbnail":0,"footnotes":""},"class_list":["post-67","page","type-page","status-publish","hentry"],"_links":{"self":[{"href":"https:\/\/lesptitsbouchons37.org\/index.php\/wp-json\/wp\/v2\/pages\/67","targetHints":{"allow":["GET"]}}],"collection":[{"href":"https:\/\/lesptitsbouchons37.org\/index.php\/wp-json\/wp\/v2\/pages"}],"about":[{"href":"https:\/\/lesptitsbouchons37.org\/index.php\/wp-json\/wp\/v2\/types\/page"}],"author":[{"embeddable":true,"href":"https:\/\/lesptitsbouchons37.org\/index.php\/wp-json\/wp\/v2\/users\/6"}],"replies":[{"embeddable":true,"href":"https:\/\/lesptitsbouchons37.org\/index.php\/wp-json\/wp\/v2\/comments?post=67"}],"version-history":[{"count":6,"href":"https:\/\/lesptitsbouchons37.org\/index.php\/wp-json\/wp\/v2\/pages\/67\/revisions"}],"predecessor-version":[{"id":810,"href":"https:\/\/lesptitsbouchons37.org\/index.php\/wp-json\/wp\/v2\/pages\/67\/revisions\/810"}],"wp:attachment":[{"href":"https:\/\/lesptitsbouchons37.org\/index.php\/wp-json\/wp\/v2\/media?parent=67"}],"curies":[{"name":"wp","href":"https:\/\/api.w.org\/{rel}","templated":true}]}}