{"id":86,"date":"2015-10-16T20:48:21","date_gmt":"2015-10-16T19:48:21","guid":{"rendered":"http:\/\/ptitsbouey.cluster011.ovh.net\/?page_id=86"},"modified":"2024-11-18T16:35:26","modified_gmt":"2024-11-18T15:35:26","slug":"nos-partenaires","status":"publish","type":"page","link":"https:\/\/lesptitsbouchons37.org\/index.php\/nos-partenaires\/","title":{"rendered":"Partenaires"},"content":{"rendered":"<p style=\"text-align: center;\">Les partenaires sont des acteurs essentiels pour l&#8217;association. Ils apportent des aides de diverses natures permettant d&#8217;augmenter les collectes.<br \/>\n<a href=\"http:\/\/ptitsbouey.cluster011.ovh.net\/wp-content\/uploads\/2015\/10\/iut-tours.jpg\"><img loading=\"lazy\" decoding=\"async\" class=\"size-full wp-image-423 alignright\" src=\"http:\/\/ptitsbouey.cluster011.ovh.net\/wp-content\/uploads\/2015\/10\/iut-tours.jpg\" alt=\"iut tours\" width=\"214\" height=\"160\" srcset=\"https:\/\/lesptitsbouchons37.org\/wp-content\/uploads\/2015\/10\/iut-tours.jpg 214w, https:\/\/lesptitsbouchons37.org\/wp-content\/uploads\/2015\/10\/iut-tours-135x100.jpg 135w\" sizes=\"auto, (max-width: 214px) 100vw, 214px\" \/><\/a><\/p>\n<p style=\"text-align: right;\">Merci \u00e0 l&#8217;IUT de Tours et aux \u00e9tudiants en GEA pour leur implication dans le d\u00e9veloppement des p&#8217;tits bouchons 37 au sein de projets tutor\u00e9s.<\/p>\n<p style=\"text-align: center;\">Merci au Cr\u00e9dit Agricole, notre banque, partenaire<a href=\"http:\/\/ptitsbouey.cluster011.ovh.net\/wp-content\/uploads\/2015\/10\/Logo-Credit-Agricole.jpg\"><img loading=\"lazy\" decoding=\"async\" class=\"wp-image-439 aligncenter\" src=\"http:\/\/ptitsbouey.cluster011.ovh.net\/wp-content\/uploads\/2015\/10\/Logo-Credit-Agricole.jpg\" alt=\"Logo-Credit-Agricole\" width=\"237\" height=\"73\" srcset=\"https:\/\/lesptitsbouchons37.org\/wp-content\/uploads\/2015\/10\/Logo-Credit-Agricole.jpg 612w, https:\/\/lesptitsbouchons37.org\/wp-content\/uploads\/2015\/10\/Logo-Credit-Agricole-300x92.jpg 300w\" sizes=\"auto, (max-width: 237px) 100vw, 237px\" \/><\/a><\/p>\n<p style=\"text-align: center;\">Merci \u00e0 la MACIF, qui assure l&#8217;association, mais qui est toujours pr\u00e9sente pour des collectes r\u00e9guli\u00e8res, pour les chargements&#8230; et pour avoir fait don de deux roll-up \u00e0 l&#8217;association.<\/p>\n<p><img loading=\"lazy\" decoding=\"async\" class=\"aligncenter\" src=\"https:\/\/lesptitsbouchons37.org\/wp-content\/uploads\/2024\/11\/ANIM_LOGO-SIGNATURE_TV.gif\" alt=\"L\u2019attribut alt de cette image est vide, son nom de fichier est ANIM_LOGO-SIGNATURE_TV.gif.\" width=\"194\" height=\"116\" \/><\/p>\n<p style=\"text-align: center;\">Merci \u00e0 Annabelle Cr\u00e9a, pour la r\u00e9alisation de notre nouveau logo, de notre affiche et autres documents visuels.<\/p>\n<p><img loading=\"lazy\" decoding=\"async\" class=\"aligncenter\" src=\"https:\/\/lesptitsbouchons37.org\/wp-content\/uploads\/2024\/11\/image_2024-11-18_161556706.png\" alt=\"L\u2019attribut alt de cette image est vide, son nom de fichier est image_2024-11-18_161556706.png.\" width=\"146\" height=\"58\" \/><\/p>\n<p style=\"text-align: center;\">Merci \u00e0 France 3 Touraine, France Bleu, la Nouvelle R\u00e9publique et RCTours pour leur soutien et leur couverture m\u00e9diatique.<\/p>\n<p style=\"text-align: center;\"><a href=\"http:\/\/ptitsbouey.cluster011.ovh.net\/wp-content\/uploads\/2015\/10\/logofinal-rogne-radiocampustours1.png\"><img loading=\"lazy\" decoding=\"async\" class=\"alignnone wp-image-433\" src=\"http:\/\/ptitsbouey.cluster011.ovh.net\/wp-content\/uploads\/2015\/10\/logofinal-rogne-radiocampustours1-300x230.png\" alt=\"logofinal-rogne-radiocampustours\" width=\"137\" height=\"105\" srcset=\"https:\/\/lesptitsbouchons37.org\/wp-content\/uploads\/2015\/10\/logofinal-rogne-radiocampustours1-300x230.png 300w, https:\/\/lesptitsbouchons37.org\/wp-content\/uploads\/2015\/10\/logofinal-rogne-radiocampustours1-1024x784.png 1024w\" sizes=\"auto, (max-width: 137px) 100vw, 137px\" \/><\/a> <a href=\"http:\/\/ptitsbouey.cluster011.ovh.net\/wp-content\/uploads\/2015\/10\/logo-nr.jpg\"><img loading=\"lazy\" decoding=\"async\" class=\"alignnone wp-image-434\" src=\"http:\/\/ptitsbouey.cluster011.ovh.net\/wp-content\/uploads\/2015\/10\/logo-nr-300x127.jpg\" alt=\"logo-nr\" width=\"201\" height=\"85\" srcset=\"https:\/\/lesptitsbouchons37.org\/wp-content\/uploads\/2015\/10\/logo-nr-300x127.jpg 300w, https:\/\/lesptitsbouchons37.org\/wp-content\/uploads\/2015\/10\/logo-nr.jpg 889w\" sizes=\"auto, (max-width: 201px) 100vw, 201px\" \/><\/a>\u00a0 \u00a0\u00a0<a href=\"http:\/\/ptitsbouey.cluster011.ovh.net\/wp-content\/uploads\/2015\/10\/logo_8165.jpg\"><img loading=\"lazy\" decoding=\"async\" class=\"alignnone wp-image-432\" src=\"http:\/\/ptitsbouey.cluster011.ovh.net\/wp-content\/uploads\/2015\/10\/logo_8165-150x150.jpg\" alt=\"logo_8165\" width=\"95\" height=\"95\" srcset=\"https:\/\/lesptitsbouchons37.org\/wp-content\/uploads\/2015\/10\/logo_8165-150x150.jpg 150w, https:\/\/lesptitsbouchons37.org\/wp-content\/uploads\/2015\/10\/logo_8165-300x300.jpg 300w, https:\/\/lesptitsbouchons37.org\/wp-content\/uploads\/2015\/10\/logo_8165-1024x1024.jpg 1024w, https:\/\/lesptitsbouchons37.org\/wp-content\/uploads\/2015\/10\/logo_8165.jpg 1831w\" sizes=\"auto, (max-width: 95px) 100vw, 95px\" \/><\/a>\u00a0 \u00a0 \u00a0<a href=\"http:\/\/ptitsbouey.cluster011.ovh.net\/wp-content\/uploads\/2015\/10\/France3-logo.png\"><img loading=\"lazy\" decoding=\"async\" class=\"alignnone wp-image-431\" src=\"http:\/\/ptitsbouey.cluster011.ovh.net\/wp-content\/uploads\/2015\/10\/France3-logo.png\" alt=\"France3-logo\" width=\"59\" height=\"102\" srcset=\"https:\/\/lesptitsbouchons37.org\/wp-content\/uploads\/2015\/10\/France3-logo.png 350w, https:\/\/lesptitsbouchons37.org\/wp-content\/uploads\/2015\/10\/France3-logo-175x300.png 175w\" sizes=\"auto, (max-width: 59px) 100vw, 59px\" \/><\/a><\/p>\n<p style=\"text-align: center;\">Merci aux hypers AUCHAN, LECLERC de la couronne tourangelle<\/p>\n<p style=\"text-align: center;\">\u00e0 certains supermarch\u00e9s pour leurs collectes,<a href=\"http:\/\/ptitsbouey.cluster011.ovh.net\/wp-content\/uploads\/2015\/10\/logo-carrefour.jpg\"><img loading=\"lazy\" decoding=\"async\" class=\"aligncenter\" src=\"https:\/\/www.farouknasri.com\/files\/2020\/02\/nouveau_logo_auchan.png\" alt=\"Un nouveau logo pour les magasins AUCHAN - Farouk Nasri\" width=\"149\" height=\"113\" \/><br \/>\n<img loading=\"lazy\" decoding=\"async\" class=\"aligncenter\" src=\"https:\/\/encrypted-tbn0.gstatic.com\/images?q=tbn:ANd9GcSAsy338-smhpCZOZxXE9DUx3fHaBoQpWk-TQ&amp;s\" alt=\"Logo E. Leclerc PNG transparents - StickPNG\" width=\"139\" height=\"139\" \/><\/a><\/p>\n<p style=\"text-align: center;\">\n<p style=\"text-align: center;\">\n","protected":false},"excerpt":{"rendered":"<p>Les partenaires sont des acteurs essentiels pour l&#8217;association. Ils apportent des aides de diverses natures permettant d&#8217;augmenter les collectes. Merci \u00e0 l&#8217;IUT de Tours et aux \u00e9tudiants en GEA pour [&hellip;]<\/p>\n","protected":false},"author":6,"featured_media":0,"parent":0,"menu_order":5,"comment_status":"closed","ping_status":"closed","template":"","meta":{"ngg_post_thumbnail":0,"footnotes":""},"class_list":["post-86","page","type-page","status-publish","hentry"],"_links":{"self":[{"href":"https:\/\/lesptitsbouchons37.org\/index.php\/wp-json\/wp\/v2\/pages\/86","targetHints":{"allow":["GET"]}}],"collection":[{"href":"https:\/\/lesptitsbouchons37.org\/index.php\/wp-json\/wp\/v2\/pages"}],"about":[{"href":"https:\/\/lesptitsbouchons37.org\/index.php\/wp-json\/wp\/v2\/types\/page"}],"author":[{"embeddable":true,"href":"https:\/\/lesptitsbouchons37.org\/index.php\/wp-json\/wp\/v2\/users\/6"}],"replies":[{"embeddable":true,"href":"https:\/\/lesptitsbouchons37.org\/index.php\/wp-json\/wp\/v2\/comments?post=86"}],"version-history":[{"count":12,"href":"https:\/\/lesptitsbouchons37.org\/index.php\/wp-json\/wp\/v2\/pages\/86\/revisions"}],"predecessor-version":[{"id":32102,"href":"https:\/\/lesptitsbouchons37.org\/index.php\/wp-json\/wp\/v2\/pages\/86\/revisions\/32102"}],"wp:attachment":[{"href":"https:\/\/lesptitsbouchons37.org\/index.php\/wp-json\/wp\/v2\/media?parent=86"}],"curies":[{"name":"wp","href":"https:\/\/api.w.org\/{rel}","templated":true}]}}